{"id":1782,"date":"2025-12-27T21:37:36","date_gmt":"2025-12-28T02:37:36","guid":{"rendered":"https:\/\/clickagencyads.com\/product\/city-tour-por-cartagena\/"},"modified":"2026-02-21T15:01:17","modified_gmt":"2026-02-21T20:01:17","slug":"city-tour-por-cartagena","status":"publish","type":"product","link":"https:\/\/genesistravels.com.co\/en\/product\/city-tour-por-cartagena\/","title":{"rendered":"City Tour of Cartagena"},"content":{"rendered":"<div>\n<h2 style=\"text-align: center;\" data-start=\"142\" data-end=\"248\"><span style=\"color: #000000;\"><strong data-start=\"144\" data-end=\"248\">History, Culture and City Tour in a Chiva Bus through Cartagena<\/strong><\/span><\/h2>\n<p><span style=\"color: #000000;\">The <strong data-start=\"253\" data-end=\"290\">San Felipe de Barajas Castle<\/strong> and the <strong data-start=\"296\" data-end=\"332\">City Tour in a Chiva boat through Cartagena<\/strong> these tours offer one of the most comprehensive experiences for those who wish to discover the historical, cultural, and architectural essence of the city. This tour combines tradition, fun, and knowledge as we explore the most emblematic and representative tourist sites of Cartagena. Lasting approximately three hours, this tour becomes a perfect opportunity to see Cartagena from a different perspective: aboard an authentic, colorful, and charming Colombian \"chiva\" (a traditional open-air bus).<\/span><\/p>\n<h3 data-start=\"855\" data-end=\"932\"><span style=\"color: #000000;\"><strong data-start=\"858\" data-end=\"932\">A panoramic tour of the modern and old areas of Cartagena<\/strong><\/span><\/h3>\n<p data-start=\"934\" data-end=\"1364\"><span style=\"color: #000000;\">We begin our tour by visiting the most outstanding areas of the modern city: <strong data-start=\"1020\" data-end=\"1061\">Bocagrande, Laguito and Castillo Grande<\/strong>. These areas, known for their skyscrapers, luxury hotels, and bay views, offer a fascinating contrast to colonial Cartagena. From the chiva (a colorful, open-air bus), we enjoyed a vibrant panorama of beaches, shops, cafes, and contemporary architecture that coexists harmoniously with the historical legacy.<\/span><\/p>\n<p data-start=\"1366\" data-end=\"1681\"><span style=\"color: #000000;\">During the journey, you can also see some of the city's most iconic landmarks, such as the <strong data-start=\"1470\" data-end=\"1489\">Clock Tower<\/strong>, gateway to the walled city; the <strong data-start=\"1536\" data-end=\"1554\">India Catalina<\/strong>, a symbol of freedom; and the colorful murals of the Getseman\u00ed neighborhood, one of the most cultural and artistic areas of Cartagena.<\/span><\/p>\n<h3 data-start=\"1683\" data-end=\"1760\"><span style=\"color: #000000;\"><strong data-start=\"1686\" data-end=\"1760\">Visit to the Monument to Old Shoes and a must-see photo stop<\/strong><\/span><\/h3>\n<p data-start=\"1762\" data-end=\"2131\"><span style=\"color: #000000;\">One of the memorable moments of the tour is the stop at the <strong data-start=\"1821\" data-end=\"1855\">Monument to Old Shoes<\/strong>, a sculpture inspired by Luis Carlos L\u00f3pez's poem \"To My Native City.\" This work is a tribute to Cartagena and has become a must-see spot for taking photographs. From here, you can also enjoy a privileged view of San Felipe Castle.<\/span><\/p>\n<h3 data-start=\"2133\" data-end=\"2194\"><span style=\"color: #000000;\"><strong data-start=\"2136\" data-end=\"2194\">Entrance to the imposing San Felipe de Barajas Castle<\/strong><\/span><\/h3>\n<p data-start=\"2196\" data-end=\"2566\"><span style=\"color: #000000;\">The tour continues with entry to <strong data-start=\"2236\" data-end=\"2273\">San Felipe de Barajas Castle<\/strong>, one of the most important military fortifications built during the Spanish colonial period, this monument was erected in honor of King Philip IV of Spain and served both as a defensive bastion and a strategic point to protect the city from invaders and pirates who plagued the Caribbean.<\/span><\/p>\n<h4 data-start=\"2568\" data-end=\"2628\"><span style=\"color: #000000;\"><strong data-start=\"2572\" data-end=\"2628\">A historical tour full of fascinating details<\/strong><\/span><\/h4>\n<p data-start=\"2630\" data-end=\"3142\"><span style=\"color: #000000;\">Upon entering the castle, we explored tunnels, secret passageways, walls, and viewpoints that tell centuries of history. During the colonial era, this structure served not only as a military defense but also as a safe haven for valuable objects and, tragically, as a place of confinement for enslaved Africans. From its summit, you can enjoy one of the best panoramic views of Cartagena: the Caribbean Sea, the bay, the historic center, and the modern buildings merge into an unparalleled vista.<\/span><\/p>\n<h3 data-start=\"3144\" data-end=\"3206\"><span style=\"color: #000000;\"><strong data-start=\"3147\" data-end=\"3206\">Stop in the Marbella area: Welcome to Cartagena<\/strong><\/span><\/h3>\n<p data-start=\"3208\" data-end=\"3500\"><span style=\"color: #000000;\">Later we come to <strong data-start=\"3232\" data-end=\"3244\">Marbella<\/strong>, this area, famous for its giant \"Cartagena\" letters, is an ideal spot for photos and enjoying the sea breeze. It has become a warm symbol of welcome for visitors and an essential stop on any city tour.<\/span><\/p>\n<h3 data-start=\"3502\" data-end=\"3582\"><span style=\"color: #000000;\"><strong data-start=\"3505\" data-end=\"3582\">Guided walk through the Walled City: living heritage of humanity<\/strong><\/span><\/h3>\n<p data-start=\"3584\" data-end=\"3908\"><span style=\"color: #000000;\">The chiva tour ends at the monumental <strong data-start=\"3632\" data-end=\"3653\">Walled City<\/strong>, a charming labyrinth of cobblestone streets, colorful balconies, centuries-old churches, and squares steeped in history. Accompanied by a professional bilingual guide, we embark on a walking tour to discover the most representative corners of the historic center.<\/span><\/p>\n<h4 data-start=\"3910\" data-end=\"3960\"><span style=\"color: #000000;\"><strong data-start=\"3914\" data-end=\"3960\">Highlights of the historic center<\/strong><\/span><\/h4>\n<ul data-start=\"3962\" data-end=\"4394\">\n<li data-start=\"3962\" data-end=\"4065\">\n<p data-start=\"3964\" data-end=\"4065\"><span style=\"color: #000000;\"><strong data-start=\"3964\" data-end=\"3992\">St. Peter Claver Church<\/strong>, dedicated to the \u201cslave of slaves\u201d, a religious and cultural icon.<\/span><\/p>\n<\/li>\n<li data-start=\"4066\" data-end=\"4181\">\n<p data-start=\"4068\" data-end=\"4181\"><span style=\"color: #000000;\"><strong data-start=\"4068\" data-end=\"4093\">Walls of Cartagena<\/strong>, where we walked on the original structure used for the defense of the city.<\/span><\/p>\n<\/li>\n<li data-start=\"4182\" data-end=\"4275\">\n<p data-start=\"4184\" data-end=\"4275\"><span style=\"color: #000000;\"><strong data-start=\"4184\" data-end=\"4230\">Antique cannons of the Spanish artillery<\/strong>, which are still preserved in excellent condition.<\/span><\/p>\n<\/li>\n<li data-start=\"4276\" data-end=\"4394\">\n<p data-start=\"4278\" data-end=\"4394\"><span style=\"color: #000000;\"><strong data-start=\"4278\" data-end=\"4303\">Surveillance booths<\/strong>, historical spaces that allow you to learn about the military strategy of the 17th century.<\/span><\/p>\n<\/li>\n<\/ul>\n<p data-start=\"4396\" data-end=\"4544\"><span style=\"color: #000000;\">During this walk we not only appreciate the majesty of the colonial architecture, but we also relive key moments in Cartagena's history.<\/span><\/p>\n<h3 data-start=\"4546\" data-end=\"4595\"><span style=\"color: #000000;\"><strong data-start=\"4549\" data-end=\"4595\">Pick-up service and meeting points<\/strong><\/span><\/h3>\n<p data-start=\"4597\" data-end=\"4716\"><span style=\"color: #000000;\">Pick-up is only available at specific points, strategically selected for the convenience of travelers:<\/span><\/p>\n<h4 data-start=\"4718\" data-end=\"4744\"><span style=\"color: #000000;\">\ud83d\udd39 <strong data-start=\"4725\" data-end=\"4744\">Bocagrande area<\/strong><\/span><\/h4>\n<ul data-start=\"4745\" data-end=\"4826\">\n<li data-start=\"4745\" data-end=\"4762\">\n<p data-start=\"4747\" data-end=\"4762\"><span style=\"color: #000000;\">\ud83c\udfe6 Ita\u00fa Bank<\/span><\/p>\n<\/li>\n<li data-start=\"4763\" data-end=\"4780\">\n<p data-start=\"4765\" data-end=\"4780\"><span style=\"color: #000000;\">\ud83c\udf54 McDonald\u2019s<\/span><\/p>\n<\/li>\n<li data-start=\"4781\" data-end=\"4803\">\n<p data-start=\"4783\" data-end=\"4803\"><span style=\"color: #000000;\">\u2615 Juan Valdez Caf\u00e9<\/span><\/p>\n<\/li>\n<li data-start=\"4804\" data-end=\"4826\">\n<p data-start=\"4806\" data-end=\"4826\"><span style=\"color: #000000;\">\ud83c\udf33 Flanagan Park<\/span><\/p>\n<\/li>\n<\/ul>\n<h4 data-start=\"4828\" data-end=\"4882\"><span style=\"color: #000000;\">\ud83d\udd39 <strong data-start=\"4835\" data-end=\"4882\">Other areas (Center, Getseman\u00ed, North Zone)<\/strong><\/span><\/h4>\n<ul data-start=\"4883\" data-end=\"5011\">\n<li data-start=\"4883\" data-end=\"5011\">\n<p data-start=\"4885\" data-end=\"5011\"><span style=\"color: #000000;\">\u23f0 <strong data-start=\"4887\" data-end=\"4930\">8:00 a.m. and 1:00 p.m. \u2013 Clock Tower<\/strong><\/span><br data-start=\"4930\" data-end=\"4933\" \/><span style=\"color: #000000;\">(In front of the clock, assigned point for those staying outside of Bocagrande)<\/span><\/p>\n<\/li>\n<\/ul>\n<h3><span style=\"color: #000000;\"><strong data-start=\"5016\" data-end=\"5027\">Includes<\/strong><\/span><\/h3>\n<\/div>\n<ul data-start=\"5028\" data-end=\"5207\">\n<li data-start=\"5028\" data-end=\"5065\">\n<p data-start=\"5030\" data-end=\"5065\"><span style=\"color: #000000;\">Entrance to San Felipe Castle<\/span><\/p>\n<\/li>\n<li data-start=\"5066\" data-end=\"5095\">\n<p data-start=\"5068\" data-end=\"5095\"><span style=\"color: #000000;\">Bilingual professional guide<\/span><\/p>\n<\/li>\n<li data-start=\"5096\" data-end=\"5131\">\n<p data-start=\"5098\" data-end=\"5131\"><span style=\"color: #000000;\">Panoramic and cultural tour<\/span><\/p>\n<\/li>\n<li data-start=\"5132\" data-end=\"5162\">\n<p data-start=\"5134\" data-end=\"5162\"><span style=\"color: #000000;\">Transportation in a typical chiva bus<\/span><\/p>\n<\/li>\n<li data-start=\"5163\" data-end=\"5207\">\n<p data-start=\"5165\" data-end=\"5207\"><span style=\"color: #000000;\">Guided walking tour of the Walled City<\/span><\/p>\n<\/li>\n<\/ul>\n<h3 data-start=\"5209\" data-end=\"5234\"><span style=\"color: #000000;\"><strong data-start=\"5212\" data-end=\"5234\">Departure times<\/strong><\/span><\/h3>\n<p data-start=\"5235\" data-end=\"5285\"><span style=\"color: #000000;\"><strong data-start=\"5237\" data-end=\"5255\"><span style=\"color: #000080;\">\u2714 <\/span>Every day<\/strong><\/span><br data-start=\"5255\" data-end=\"5258\" \/><span style=\"color: #000000;\"><strong data-start=\"5260\" data-end=\"5285\"><span style=\"color: #000080;\">\u2714<\/span> 9:00 a.m. y 2:00 p.m.<\/strong><\/span><\/p>\n<h3 data-start=\"5287\" data-end=\"5351\"><span style=\"color: #000000;\"><strong data-start=\"5290\" data-end=\"5351\">Reasons to book the City Tour in Chiva through Cartagena<\/strong><\/span><\/h3>\n<p data-start=\"5353\" data-end=\"5443\"><span style=\"color: #000000;\">This tour has established itself as one of the most comprehensive thanks to the fact that it allows you to discover:<\/span><\/p>\n<ul data-start=\"5445\" data-end=\"5756\">\n<li data-start=\"5445\" data-end=\"5485\">\n<p data-start=\"5447\" data-end=\"5485\"><span style=\"color: #000000;\">The majestic <strong data-start=\"5461\" data-end=\"5483\">Cartagena Bay<\/strong><\/span><\/p>\n<\/li>\n<li data-start=\"5486\" data-end=\"5529\">\n<p data-start=\"5488\" data-end=\"5529\"><span style=\"color: #000000;\">The historical <strong data-start=\"5501\" data-end=\"5527\">San Felipe Castle<\/strong><\/span><\/p>\n<\/li>\n<li data-start=\"5530\" data-end=\"5571\">\n<p data-start=\"5532\" data-end=\"5571\"><span style=\"color: #000000;\">The Monument to the <strong data-start=\"5551\" data-end=\"5569\">Old Shoes<\/strong><\/span><\/p>\n<\/li>\n<li data-start=\"5572\" data-end=\"5619\">\n<p data-start=\"5574\" data-end=\"5619\"><span style=\"color: #000000;\">Guided walk in the <strong data-start=\"5596\" data-end=\"5617\">Walled City<\/strong><\/span><\/p>\n<\/li>\n<li data-start=\"5620\" data-end=\"5665\">\n<p data-start=\"5622\" data-end=\"5665\"><span style=\"color: #000000;\">Tour of walls, churches and squares<\/span><\/p>\n<\/li>\n<li data-start=\"5666\" data-end=\"5756\">\n<p data-start=\"5668\" data-end=\"5756\"><span style=\"color: #000000;\">Panoramic view from the chiva (party bus) towards Getseman\u00ed, India Catalina, the Clock Tower and more<\/span><\/p>\n<\/li>\n<\/ul>\n<p data-start=\"5758\" data-end=\"5900\"><span style=\"color: #000000;\">Furthermore, the experience aboard a typical chiva makes the tour unique, full of local atmosphere, music, history and color.<\/span><\/p>\n<h3 data-start=\"5902\" data-end=\"5932\"><span style=\"color: #000000;\"><strong data-start=\"5905\" data-end=\"5932\">Price and availability<\/strong><\/span><\/h3>\n<ul data-start=\"5934\" data-end=\"6080\">\n<li data-start=\"5934\" data-end=\"5975\">\n<p data-start=\"5936\" data-end=\"5975\"><span style=\"color: #000000;\">\ud83d\udcb0 <strong data-start=\"5939\" data-end=\"5973\">Price per person: $90,000 COP<\/strong><\/span><\/p>\n<\/li>\n<li data-start=\"5976\" data-end=\"6036\">\n<p data-start=\"5978\" data-end=\"6036\"><span style=\"color: #000000;\">\ud83d\udccd <strong data-start=\"5981\" data-end=\"6034\">Departure address: Cartagena, Bol\u00edvar, Colombia<\/strong><\/span><\/p>\n<\/li>\n<li data-start=\"6037\" data-end=\"6080\">\n<p data-start=\"6039\" data-end=\"6080\"><span style=\"color: #000000;\">\ud83d\ude8c <strong data-start=\"6042\" data-end=\"6078\">Spaces available every day<\/strong><\/span><\/p>\n<\/li>\n<\/ul>\n<p data-start=\"6082\" data-end=\"6226\"><span style=\"color: #000000;\">Booking this tour guarantees an in-depth look at Cartagena's culture and an entertaining trip through the city's most iconic places.<\/span><\/p>","protected":false},"excerpt":{"rendered":"<p><span style=\"color: #000000;\">You can reserve this activity with 50% down, the rest you pay when you do the activity, or you can make the full payment.<\/span><\/p>","protected":false},"featured_media":4012,"comment_status":"open","ping_status":"closed","template":"","meta":{"_joinchat":[]},"product_brand":[],"product_cat":[62,59],"product_tag":[],"class_list":{"0":"post-1782","1":"product","2":"type-product","3":"status-publish","4":"has-post-thumbnail","6":"product_cat-actividades","7":"product_cat-sitios-turisticos-de-cartagena","9":"first","10":"instock","11":"virtual","12":"sold-individually","13":"purchasable","14":"product-type-booking"},"yoast_head":"<!-- This site is optimized with the Yoast SEO plugin v27.3 - https:\/\/yoast.com\/product\/yoast-seo-wordpress\/ -->\n<title>City Tour en Chiva | por Cartagena | Recorrido hist\u00f3rico<\/title>\n<meta name=\"description\" content=\"City tour en Chiva por Cartagena\u00a0es un recorrido hist\u00f3rico y cultural por la ciudad y sus sitios tur\u00edsticos m\u00e1s importantes. Incluye entrada al castillo\" \/>\n<meta name=\"robots\" content=\"index, follow, max-snippet:-1, max-image-preview:large, max-video-preview:-1\" \/>\n<link rel=\"canonical\" href=\"https:\/\/genesistravels.com.co\/en\/product\/city-tour-por-cartagena\/\" \/>\n<meta property=\"og:locale\" content=\"en_US\" \/>\n<meta property=\"og:type\" content=\"article\" \/>\n<meta property=\"og:title\" content=\"City Tour en Chiva | por Cartagena | Recorrido hist\u00f3rico\" \/>\n<meta property=\"og:description\" content=\"City tour en Chiva por Cartagena\u00a0es un recorrido hist\u00f3rico y cultural por la ciudad y sus sitios tur\u00edsticos m\u00e1s importantes. Incluye entrada al castillo\" \/>\n<meta property=\"og:url\" content=\"https:\/\/genesistravels.com.co\/en\/product\/city-tour-por-cartagena\/\" \/>\n<meta property=\"og:site_name\" content=\"Genesis Travels\" \/>\n<meta property=\"article:publisher\" content=\"https:\/\/www.facebook.com\/tourporelcaribe\" \/>\n<meta property=\"article:modified_time\" content=\"2026-02-21T20:01:17+00:00\" \/>\n<meta property=\"og:image\" content=\"https:\/\/genesistravels.com.co\/wp-content\/uploads\/2025\/12\/letrero-cartagena.webp\" \/>\n\t<meta property=\"og:image:width\" content=\"1200\" \/>\n\t<meta property=\"og:image:height\" content=\"800\" \/>\n\t<meta property=\"og:image:type\" content=\"image\/webp\" \/>\n<meta name=\"twitter:card\" content=\"summary_large_image\" \/>\n<meta name=\"twitter:site\" content=\"@tourcaribe\" \/>\n<meta name=\"twitter:label1\" content=\"Est. reading time\" \/>\n\t<meta name=\"twitter:data1\" content=\"5 minutes\" \/>\n<script type=\"application\/ld+json\" class=\"yoast-schema-graph\">{\"@context\":\"https:\\\/\\\/schema.org\",\"@graph\":[{\"@type\":\"WebPage\",\"@id\":\"https:\\\/\\\/genesistravels.com.co\\\/producto\\\/city-tour-por-cartagena\\\/\",\"url\":\"https:\\\/\\\/genesistravels.com.co\\\/producto\\\/city-tour-por-cartagena\\\/\",\"name\":\"City Tour en Chiva | por Cartagena | Recorrido hist\u00f3rico\",\"isPartOf\":{\"@id\":\"https:\\\/\\\/genesistravels.com.co\\\/#website\"},\"primaryImageOfPage\":{\"@id\":\"https:\\\/\\\/genesistravels.com.co\\\/producto\\\/city-tour-por-cartagena\\\/#primaryimage\"},\"image\":{\"@id\":\"https:\\\/\\\/genesistravels.com.co\\\/producto\\\/city-tour-por-cartagena\\\/#primaryimage\"},\"thumbnailUrl\":\"https:\\\/\\\/genesistravels.com.co\\\/wp-content\\\/uploads\\\/2025\\\/12\\\/letrero-cartagena.webp\",\"datePublished\":\"2025-12-28T02:37:36+00:00\",\"dateModified\":\"2026-02-21T20:01:17+00:00\",\"description\":\"City tour en Chiva por Cartagena\u00a0es un recorrido hist\u00f3rico y cultural por la ciudad y sus sitios tur\u00edsticos m\u00e1s importantes. Incluye entrada al castillo\",\"breadcrumb\":{\"@id\":\"https:\\\/\\\/genesistravels.com.co\\\/producto\\\/city-tour-por-cartagena\\\/#breadcrumb\"},\"inLanguage\":\"en-US\",\"potentialAction\":[{\"@type\":\"ReadAction\",\"target\":[\"https:\\\/\\\/genesistravels.com.co\\\/producto\\\/city-tour-por-cartagena\\\/\"]}]},{\"@type\":\"ImageObject\",\"inLanguage\":\"en-US\",\"@id\":\"https:\\\/\\\/genesistravels.com.co\\\/producto\\\/city-tour-por-cartagena\\\/#primaryimage\",\"url\":\"https:\\\/\\\/genesistravels.com.co\\\/wp-content\\\/uploads\\\/2025\\\/12\\\/letrero-cartagena.webp\",\"contentUrl\":\"https:\\\/\\\/genesistravels.com.co\\\/wp-content\\\/uploads\\\/2025\\\/12\\\/letrero-cartagena.webp\",\"width\":1200,\"height\":800,\"caption\":\"letrero cartagena\"},{\"@type\":\"BreadcrumbList\",\"@id\":\"https:\\\/\\\/genesistravels.com.co\\\/producto\\\/city-tour-por-cartagena\\\/#breadcrumb\",\"itemListElement\":[{\"@type\":\"ListItem\",\"position\":1,\"name\":\"Inicio\",\"item\":\"https:\\\/\\\/genesistravels.com.co\\\/\"},{\"@type\":\"ListItem\",\"position\":2,\"name\":\"Shop\",\"item\":\"https:\\\/\\\/genesistravels.com.co\\\/shop\\\/\"},{\"@type\":\"ListItem\",\"position\":3,\"name\":\"City Tour por Cartagena\"}]},{\"@type\":\"WebSite\",\"@id\":\"https:\\\/\\\/genesistravels.com.co\\\/#website\",\"url\":\"https:\\\/\\\/genesistravels.com.co\\\/\",\"name\":\"Tour por el caribe\",\"description\":\"\",\"publisher\":{\"@id\":\"https:\\\/\\\/genesistravels.com.co\\\/#organization\"},\"potentialAction\":[{\"@type\":\"SearchAction\",\"target\":{\"@type\":\"EntryPoint\",\"urlTemplate\":\"https:\\\/\\\/genesistravels.com.co\\\/?s={search_term_string}\"},\"query-input\":{\"@type\":\"PropertyValueSpecification\",\"valueRequired\":true,\"valueName\":\"search_term_string\"}}],\"inLanguage\":\"en-US\"},{\"@type\":\"Organization\",\"@id\":\"https:\\\/\\\/genesistravels.com.co\\\/#organization\",\"name\":\"Tour por el caribe\",\"url\":\"https:\\\/\\\/genesistravels.com.co\\\/\",\"logo\":{\"@type\":\"ImageObject\",\"inLanguage\":\"en-US\",\"@id\":\"https:\\\/\\\/genesistravels.com.co\\\/#\\\/schema\\\/logo\\\/image\\\/\",\"url\":\"https:\\\/\\\/genesistravels.com.co\\\/wp-content\\\/uploads\\\/2021\\\/08\\\/logo-horizontal-512-x-512.png\",\"contentUrl\":\"https:\\\/\\\/genesistravels.com.co\\\/wp-content\\\/uploads\\\/2021\\\/08\\\/logo-horizontal-512-x-512.png\",\"width\":512,\"height\":512,\"caption\":\"Tour por el caribe\"},\"image\":{\"@id\":\"https:\\\/\\\/genesistravels.com.co\\\/#\\\/schema\\\/logo\\\/image\\\/\"},\"sameAs\":[\"https:\\\/\\\/www.facebook.com\\\/tourporelcaribe\",\"https:\\\/\\\/x.com\\\/tourcaribe\",\"https:\\\/\\\/www.instagram.com\\\/tourscaribe\\\/\",\"https:\\\/\\\/www.youtube.com\\\/@tourcaribe\"]}]}<\/script>\n<!-- \/ Yoast SEO plugin. -->","yoast_head_json":{"title":"City Tour en Chiva | por Cartagena | Recorrido hist\u00f3rico","description":"City tour en Chiva por Cartagena\u00a0es un recorrido hist\u00f3rico y cultural por la ciudad y sus sitios tur\u00edsticos m\u00e1s importantes. Incluye entrada al castillo","robots":{"index":"index","follow":"follow","max-snippet":"max-snippet:-1","max-image-preview":"max-image-preview:large","max-video-preview":"max-video-preview:-1"},"canonical":"https:\/\/genesistravels.com.co\/en\/product\/city-tour-por-cartagena\/","og_locale":"en_US","og_type":"article","og_title":"City Tour en Chiva | por Cartagena | Recorrido hist\u00f3rico","og_description":"City tour en Chiva por Cartagena\u00a0es un recorrido hist\u00f3rico y cultural por la ciudad y sus sitios tur\u00edsticos m\u00e1s importantes. Incluye entrada al castillo","og_url":"https:\/\/genesistravels.com.co\/en\/product\/city-tour-por-cartagena\/","og_site_name":"Genesis Travels","article_publisher":"https:\/\/www.facebook.com\/tourporelcaribe","article_modified_time":"2026-02-21T20:01:17+00:00","og_image":[{"width":1200,"height":800,"url":"https:\/\/genesistravels.com.co\/wp-content\/uploads\/2025\/12\/letrero-cartagena.webp","type":"image\/webp"}],"twitter_card":"summary_large_image","twitter_site":"@tourcaribe","twitter_misc":{"Est. reading time":"5 minutes"},"schema":{"@context":"https:\/\/schema.org","@graph":[{"@type":"WebPage","@id":"https:\/\/genesistravels.com.co\/producto\/city-tour-por-cartagena\/","url":"https:\/\/genesistravels.com.co\/producto\/city-tour-por-cartagena\/","name":"City Tour en Chiva | por Cartagena | Recorrido hist\u00f3rico","isPartOf":{"@id":"https:\/\/genesistravels.com.co\/#website"},"primaryImageOfPage":{"@id":"https:\/\/genesistravels.com.co\/producto\/city-tour-por-cartagena\/#primaryimage"},"image":{"@id":"https:\/\/genesistravels.com.co\/producto\/city-tour-por-cartagena\/#primaryimage"},"thumbnailUrl":"https:\/\/genesistravels.com.co\/wp-content\/uploads\/2025\/12\/letrero-cartagena.webp","datePublished":"2025-12-28T02:37:36+00:00","dateModified":"2026-02-21T20:01:17+00:00","description":"City tour en Chiva por Cartagena\u00a0es un recorrido hist\u00f3rico y cultural por la ciudad y sus sitios tur\u00edsticos m\u00e1s importantes. Incluye entrada al castillo","breadcrumb":{"@id":"https:\/\/genesistravels.com.co\/producto\/city-tour-por-cartagena\/#breadcrumb"},"inLanguage":"en-US","potentialAction":[{"@type":"ReadAction","target":["https:\/\/genesistravels.com.co\/producto\/city-tour-por-cartagena\/"]}]},{"@type":"ImageObject","inLanguage":"en-US","@id":"https:\/\/genesistravels.com.co\/producto\/city-tour-por-cartagena\/#primaryimage","url":"https:\/\/genesistravels.com.co\/wp-content\/uploads\/2025\/12\/letrero-cartagena.webp","contentUrl":"https:\/\/genesistravels.com.co\/wp-content\/uploads\/2025\/12\/letrero-cartagena.webp","width":1200,"height":800,"caption":"letrero cartagena"},{"@type":"BreadcrumbList","@id":"https:\/\/genesistravels.com.co\/producto\/city-tour-por-cartagena\/#breadcrumb","itemListElement":[{"@type":"ListItem","position":1,"name":"Inicio","item":"https:\/\/genesistravels.com.co\/"},{"@type":"ListItem","position":2,"name":"Shop","item":"https:\/\/genesistravels.com.co\/shop\/"},{"@type":"ListItem","position":3,"name":"City Tour por Cartagena"}]},{"@type":"WebSite","@id":"https:\/\/genesistravels.com.co\/#website","url":"https:\/\/genesistravels.com.co\/","name":"Tour por el caribe","description":"","publisher":{"@id":"https:\/\/genesistravels.com.co\/#organization"},"potentialAction":[{"@type":"SearchAction","target":{"@type":"EntryPoint","urlTemplate":"https:\/\/genesistravels.com.co\/?s={search_term_string}"},"query-input":{"@type":"PropertyValueSpecification","valueRequired":true,"valueName":"search_term_string"}}],"inLanguage":"en-US"},{"@type":"Organization","@id":"https:\/\/genesistravels.com.co\/#organization","name":"Tour por el caribe","url":"https:\/\/genesistravels.com.co\/","logo":{"@type":"ImageObject","inLanguage":"en-US","@id":"https:\/\/genesistravels.com.co\/#\/schema\/logo\/image\/","url":"https:\/\/genesistravels.com.co\/wp-content\/uploads\/2021\/08\/logo-horizontal-512-x-512.png","contentUrl":"https:\/\/genesistravels.com.co\/wp-content\/uploads\/2021\/08\/logo-horizontal-512-x-512.png","width":512,"height":512,"caption":"Tour por el caribe"},"image":{"@id":"https:\/\/genesistravels.com.co\/#\/schema\/logo\/image\/"},"sameAs":["https:\/\/www.facebook.com\/tourporelcaribe","https:\/\/x.com\/tourcaribe","https:\/\/www.instagram.com\/tourscaribe\/","https:\/\/www.youtube.com\/@tourcaribe"]}]}},"_links":{"self":[{"href":"https:\/\/genesistravels.com.co\/en\/wp-json\/wp\/v2\/product\/1782","targetHints":{"allow":["GET"]}}],"collection":[{"href":"https:\/\/genesistravels.com.co\/en\/wp-json\/wp\/v2\/product"}],"about":[{"href":"https:\/\/genesistravels.com.co\/en\/wp-json\/wp\/v2\/types\/product"}],"replies":[{"embeddable":true,"href":"https:\/\/genesistravels.com.co\/en\/wp-json\/wp\/v2\/comments?post=1782"}],"version-history":[{"count":0,"href":"https:\/\/genesistravels.com.co\/en\/wp-json\/wp\/v2\/product\/1782\/revisions"}],"wp:featuredmedia":[{"embeddable":true,"href":"https:\/\/genesistravels.com.co\/en\/wp-json\/wp\/v2\/media\/4012"}],"wp:attachment":[{"href":"https:\/\/genesistravels.com.co\/en\/wp-json\/wp\/v2\/media?parent=1782"}],"wp:term":[{"taxonomy":"product_brand","embeddable":true,"href":"https:\/\/genesistravels.com.co\/en\/wp-json\/wp\/v2\/product_brand?post=1782"},{"taxonomy":"product_cat","embeddable":true,"href":"https:\/\/genesistravels.com.co\/en\/wp-json\/wp\/v2\/product_cat?post=1782"},{"taxonomy":"product_tag","embeddable":true,"href":"https:\/\/genesistravels.com.co\/en\/wp-json\/wp\/v2\/product_tag?post=1782"}],"curies":[{"name":"wp","href":"https:\/\/api.w.org\/{rel}","templated":true}]}}